{"id":74228,"date":"2025-12-19T15:30:23","date_gmt":"2025-12-19T15:30:23","guid":{"rendered":"https:\/\/norsteelbuildings.com\/?page_id=74228"},"modified":"2026-04-16T14:07:03","modified_gmt":"2026-04-16T14:07:03","slug":"demander-un-devis-gratuit","status":"publish","type":"page","link":"https:\/\/norsteelbuildings.com\/fr\/demander-un-devis-gratuit\/","title":{"rendered":"Demander un devis"},"content":{"rendered":"\t\t<div data-elementor-type=\"wp-page\" data-elementor-id=\"74228\" class=\"elementor elementor-74228\" data-elementor-post-type=\"page\">\n\t\t\t\t<div class=\"elementor-element elementor-element-989f816 e-flex e-con-boxed e-con e-parent\" data-id=\"989f816\" data-element_type=\"container\" data-e-type=\"container\" data-settings=\"{&quot;background_background&quot;:&quot;slideshow&quot;,&quot;background_slideshow_gallery&quot;:[{&quot;id&quot;:48652,&quot;url&quot;:&quot;https:\\\/\\\/norsteelbuildings.com\\\/wp-content\\\/uploads\\\/2025\\\/04\\\/closeup-businessman-using-mobile-phone.jpg&quot;}],&quot;background_slideshow_loop&quot;:&quot;yes&quot;,&quot;background_slideshow_slide_duration&quot;:5000,&quot;background_slideshow_slide_transition&quot;:&quot;fade&quot;,&quot;background_slideshow_transition_duration&quot;:500}\">\n\t\t\t\t\t<div class=\"e-con-inner\">\n\t\t<div class=\"elementor-element elementor-element-7c5b307 e-con-full e-flex e-con e-child\" data-id=\"7c5b307\" data-element_type=\"container\" data-e-type=\"container\">\n\t\t<div class=\"elementor-element elementor-element-2ab9e59 e-con-full e-flex e-con e-child\" data-id=\"2ab9e59\" data-element_type=\"container\" data-e-type=\"container\">\n\t\t\t\t<div class=\"elementor-element elementor-element-ebfc0f7 elementor-widget__width-initial elementor-widget elementor-widget-elementskit-heading\" data-id=\"ebfc0f7\" data-element_type=\"widget\" data-e-type=\"widget\" data-widget_type=\"elementskit-heading.default\">\n\t\t\t\t<div class=\"elementor-widget-container\">\n\t\t\t\t\t<div class=\"ekit-wid-con\" ><div class=\"ekit-heading elementskit-section-title-wraper text_left   ekit_heading_tablet-   ekit_heading_mobile-\"><h1 class=\"ekit-heading--title elementskit-section-title \">Demander un devis gratuit<\/h1><div class=\"ekit_heading_separetor_wraper ekit_heading_elementskit-border-divider ekit-dotted\"><div class=\"elementskit-border-divider ekit-dotted\"><\/div><\/div><\/div><\/div>\t\t\t\t<\/div>\n\t\t\t\t<\/div>\n\t\t\t\t<div class=\"elementor-element elementor-element-58fe833 elementor-widget__width-initial elementor-widget-mobile__width-initial elementor-widget elementor-widget-text-editor\" data-id=\"58fe833\" data-element_type=\"widget\" data-e-type=\"widget\" data-widget_type=\"text-editor.default\">\n\t\t\t\t<div class=\"elementor-widget-container\">\n\t\t\t\t\t\t\t\t\t<p style=\"font-family: 'Inter', Helvetica, Arial, sans-serif; font-size: 19px; font-weight: 400; letter-spacing: 0.02em; line-height: 1.6;\">Lancez votre prochain projet de b\u00e2timent.<\/p>\t\t\t\t\t\t\t\t<\/div>\n\t\t\t\t<\/div>\n\t\t\t\t<\/div>\n\t\t\t\t<\/div>\n\t\t\t\t\t<\/div>\n\t\t\t\t<\/div>\n\t\t\t\t<section class=\"elementor-section elementor-top-section elementor-element elementor-element-03aa909 elementor-section-boxed elementor-section-height-default elementor-section-height-default\" data-id=\"03aa909\" data-element_type=\"section\" data-e-type=\"section\">\n\t\t\t\t\t\t<div class=\"elementor-container elementor-column-gap-default\">\n\t\t\t\t\t<div class=\"elementor-column elementor-col-50 elementor-top-column elementor-element elementor-element-2b1899b elementor-hidden-mobile\" data-id=\"2b1899b\" data-element_type=\"column\" data-e-type=\"column\" data-settings=\"{&quot;background_background&quot;:&quot;classic&quot;}\">\n\t\t\t<div class=\"elementor-widget-wrap elementor-element-populated\">\n\t\t\t\t\t\t<div class=\"elementor-element elementor-element-871ce36 elementor-widget elementor-widget-spacer\" data-id=\"871ce36\" data-element_type=\"widget\" data-e-type=\"widget\" data-widget_type=\"spacer.default\">\n\t\t\t\t<div class=\"elementor-widget-container\">\n\t\t\t\t\t\t\t<div class=\"elementor-spacer\">\n\t\t\t<div class=\"elementor-spacer-inner\"><\/div>\n\t\t<\/div>\n\t\t\t\t\t\t<\/div>\n\t\t\t\t<\/div>\n\t\t\t\t<div class=\"elementor-element elementor-element-9b840ad elementor-widget elementor-widget-heading\" data-id=\"9b840ad\" data-element_type=\"widget\" data-e-type=\"widget\" data-widget_type=\"heading.default\">\n\t\t\t\t<div class=\"elementor-widget-container\">\n\t\t\t\t\t<h2 class=\"elementor-heading-title elementor-size-default\">Nous voulons vous entendre<\/h2>\t\t\t\t<\/div>\n\t\t\t\t<\/div>\n\t\t\t\t<div class=\"elementor-element elementor-element-5acb97f elementor-widget elementor-widget-text-editor\" data-id=\"5acb97f\" data-element_type=\"widget\" data-e-type=\"widget\" data-widget_type=\"text-editor.default\">\n\t\t\t\t<div class=\"elementor-widget-container\">\n\t\t\t\t\t\t\t\t\t<p data-start=\"153\" data-end=\"275\">Vous avez d\u00e9j\u00e0 un projet de b\u00e2timent en t\u00eate ?<br data-start=\"199\" data-end=\"202\" \/>Remplissez le formulaire pour recevoir un devis gratuit, sans engagement.<\/p>\t\t\t\t\t\t\t\t<\/div>\n\t\t\t\t<\/div>\n\t\t\t\t<div class=\"elementor-element elementor-element-39a31a8 elementor-widget elementor-widget-heading\" data-id=\"39a31a8\" data-element_type=\"widget\" data-e-type=\"widget\" data-widget_type=\"heading.default\">\n\t\t\t\t<div class=\"elementor-widget-container\">\n\t\t\t\t\t<h4 class=\"elementor-heading-title elementor-size-default\">Comment pouvons-nous vous aider ?\n\n<\/h4>\t\t\t\t<\/div>\n\t\t\t\t<\/div>\n\t\t\t\t<div class=\"elementor-element elementor-element-10985b9 elementor-icon-list--layout-traditional elementor-list-item-link-full_width elementor-widget elementor-widget-icon-list\" data-id=\"10985b9\" data-element_type=\"widget\" data-e-type=\"widget\" data-widget_type=\"icon-list.default\">\n\t\t\t\t<div class=\"elementor-widget-container\">\n\t\t\t\t\t\t\t<ul class=\"elementor-icon-list-items\">\n\t\t\t\t\t\t\t<li class=\"elementor-icon-list-item\">\n\t\t\t\t\t\t\t\t\t\t\t<a href=\"tel:18668224022\">\n\n\t\t\t\t\t\t\t\t\t\t\t\t<span class=\"elementor-icon-list-icon\">\n\t\t\t\t\t\t\t<i aria-hidden=\"true\" class=\"fas fa-phone-alt\"><\/i>\t\t\t\t\t\t<\/span>\n\t\t\t\t\t\t\t\t\t\t<span class=\"elementor-icon-list-text\">1-866-822-4022<\/span>\n\t\t\t\t\t\t\t\t\t\t\t<\/a>\n\t\t\t\t\t\t\t\t\t<\/li>\n\t\t\t\t\t\t\t\t<li class=\"elementor-icon-list-item\">\n\t\t\t\t\t\t\t\t\t\t\t<span class=\"elementor-icon-list-icon\">\n\t\t\t\t\t\t\t<i aria-hidden=\"true\" class=\"fas fa-map-marker-alt\"><\/i>\t\t\t\t\t\t<\/span>\n\t\t\t\t\t\t\t\t\t\t<span class=\"elementor-icon-list-text\"> 1405 Denison Street, Markham, ON L3R 5V2<\/span>\n\t\t\t\t\t\t\t\t\t<\/li>\n\t\t\t\t\t\t\t\t<li class=\"elementor-icon-list-item\">\n\t\t\t\t\t\t\t\t\t\t\t<a href=\"\">\n\n\t\t\t\t\t\t\t\t\t\t\t\t<span class=\"elementor-icon-list-icon\">\n\t\t\t\t\t\t\t<i aria-hidden=\"true\" class=\"fas fa-map-marker-alt\"><\/i>\t\t\t\t\t\t<\/span>\n\t\t\t\t\t\t\t\t\t\t<span class=\"elementor-icon-list-text\">info@norsteel.com<\/span>\n\t\t\t\t\t\t\t\t\t\t\t<\/a>\n\t\t\t\t\t\t\t\t\t<\/li>\n\t\t\t\t\t\t<\/ul>\n\t\t\t\t\t\t<\/div>\n\t\t\t\t<\/div>\n\t\t\t\t<div class=\"elementor-element elementor-element-95ba7d7 e-grid-align-left elementor-shape-rounded elementor-grid-0 elementor-widget elementor-widget-social-icons\" data-id=\"95ba7d7\" data-element_type=\"widget\" data-e-type=\"widget\" data-widget_type=\"social-icons.default\">\n\t\t\t\t<div class=\"elementor-widget-container\">\n\t\t\t\t\t\t\t<div class=\"elementor-social-icons-wrapper elementor-grid\" role=\"list\">\n\t\t\t\t\t\t\t<span class=\"elementor-grid-item\" role=\"listitem\">\n\t\t\t\t\t<a class=\"elementor-icon elementor-social-icon elementor-social-icon-facebook elementor-repeater-item-a7308ad\" href=\"https:\/\/www.facebook.com\/NorsteelBuildings\" target=\"_blank\">\n\t\t\t\t\t\t<span class=\"elementor-screen-only\">Facebook<\/span>\n\t\t\t\t\t\t<i aria-hidden=\"true\" class=\"fab fa-facebook\"><\/i>\t\t\t\t\t<\/a>\n\t\t\t\t<\/span>\n\t\t\t\t\t\t\t<span class=\"elementor-grid-item\" role=\"listitem\">\n\t\t\t\t\t<a class=\"elementor-icon elementor-social-icon elementor-social-icon-twitter elementor-repeater-item-23f1626\" href=\"https:\/\/twitter.com\/norsteel\" target=\"_blank\">\n\t\t\t\t\t\t<span class=\"elementor-screen-only\">Twitter<\/span>\n\t\t\t\t\t\t<i aria-hidden=\"true\" class=\"fab fa-twitter\"><\/i>\t\t\t\t\t<\/a>\n\t\t\t\t<\/span>\n\t\t\t\t\t\t\t<span class=\"elementor-grid-item\" role=\"listitem\">\n\t\t\t\t\t<a class=\"elementor-icon elementor-social-icon elementor-social-icon-instagram elementor-repeater-item-cb3da29\" href=\"https:\/\/www.instagram.com\/norsteelbuildings\/\" target=\"_blank\">\n\t\t\t\t\t\t<span class=\"elementor-screen-only\">Instagram<\/span>\n\t\t\t\t\t\t<i aria-hidden=\"true\" class=\"fab fa-instagram\"><\/i>\t\t\t\t\t<\/a>\n\t\t\t\t<\/span>\n\t\t\t\t\t\t\t<span class=\"elementor-grid-item\" role=\"listitem\">\n\t\t\t\t\t<a class=\"elementor-icon elementor-social-icon elementor-social-icon-linkedin elementor-repeater-item-800744e\" href=\"https:\/\/www.linkedin.com\/company\/norsteelbuildings\/\" target=\"_blank\">\n\t\t\t\t\t\t<span class=\"elementor-screen-only\">Linkedin<\/span>\n\t\t\t\t\t\t<i aria-hidden=\"true\" class=\"fab fa-linkedin\"><\/i>\t\t\t\t\t<\/a>\n\t\t\t\t<\/span>\n\t\t\t\t\t\t\t<span class=\"elementor-grid-item\" role=\"listitem\">\n\t\t\t\t\t<a class=\"elementor-icon elementor-social-icon elementor-social-icon-youtube elementor-repeater-item-50197b6\" href=\"https:\/\/www.youtube.com\/channel\/UCgz7hTZ20Yt9HijDLT_EycA\" target=\"_blank\">\n\t\t\t\t\t\t<span class=\"elementor-screen-only\">Youtube<\/span>\n\t\t\t\t\t\t<i aria-hidden=\"true\" class=\"fab fa-youtube\"><\/i>\t\t\t\t\t<\/a>\n\t\t\t\t<\/span>\n\t\t\t\t\t\t\t<span class=\"elementor-grid-item\" role=\"listitem\">\n\t\t\t\t\t<a class=\"elementor-icon elementor-social-icon elementor-social-icon-pinterest elementor-repeater-item-6d0c803\" href=\"https:\/\/www.pinterest.ca\/NorsteelBuildings\/\" target=\"_blank\">\n\t\t\t\t\t\t<span class=\"elementor-screen-only\">Pinterest<\/span>\n\t\t\t\t\t\t<i aria-hidden=\"true\" class=\"fab fa-pinterest\"><\/i>\t\t\t\t\t<\/a>\n\t\t\t\t<\/span>\n\t\t\t\t\t<\/div>\n\t\t\t\t\t\t<\/div>\n\t\t\t\t<\/div>\n\t\t\t\t<div class=\"elementor-element elementor-element-57032fa elementor-widget elementor-widget-image\" data-id=\"57032fa\" data-element_type=\"widget\" data-e-type=\"widget\" data-widget_type=\"image.default\">\n\t\t\t\t<div class=\"elementor-widget-container\">\n\t\t\t\t\t\t\t\t\t\t\t\t\t\t\t<img fetchpriority=\"high\" decoding=\"async\" width=\"682\" height=\"558\" src=\"https:\/\/norsteelbuildings.com\/wp-content\/uploads\/2023\/11\/map.webp\" class=\"attachment-full size-full wp-image-11532\" alt=\"Dark Blue North America Map with yellow highlighted circle on northeastern United States.\" srcset=\"https:\/\/norsteelbuildings.com\/wp-content\/uploads\/2023\/11\/map.webp 682w, https:\/\/norsteelbuildings.com\/wp-content\/uploads\/2023\/11\/map-600x491.webp 600w, https:\/\/norsteelbuildings.com\/wp-content\/uploads\/2023\/11\/map-300x245.webp 300w\" sizes=\"(max-width: 682px) 100vw, 682px\" \/>\t\t\t\t\t\t\t\t\t\t\t\t\t\t\t<\/div>\n\t\t\t\t<\/div>\n\t\t\t\t\t<\/div>\n\t\t<\/div>\n\t\t\t\t<div class=\"elementor-column elementor-col-50 elementor-top-column elementor-element elementor-element-ef66387\" data-id=\"ef66387\" data-element_type=\"column\" data-e-type=\"column\" data-settings=\"{&quot;background_background&quot;:&quot;classic&quot;}\">\n\t\t\t<div class=\"elementor-widget-wrap elementor-element-populated\">\n\t\t\t\t\t\t<div class=\"elementor-element elementor-element-501f102 elementor-widget elementor-widget-html\" data-id=\"501f102\" data-element_type=\"widget\" data-e-type=\"widget\" data-widget_type=\"html.default\">\n\t\t\t\t<div class=\"elementor-widget-container\">\n\t\t\t\t\t<script src='https:\/\/norsteelbuildings.myfreshworks.com\/crm\/sales\/web_forms\/0e05d2ad5b8b7723680447d9df6ab54d963da1dff6654a356390fec04fed8c9c\/form.js' crossorigin='anonymous' id='fs_0e05d2ad5b8b7723680447d9df6ab54d963da1dff6654a356390fec04fed8c9c'><\/script>\n     <style>\n\n    .fs-webform-container .powered-by {\n\n    display: none !important;\n}\n    <\/style>\n\t\t\t\t<\/div>\n\t\t\t\t<\/div>\n\t\t\t\t\t<\/div>\n\t\t<\/div>\n\t\t\t\t\t<\/div>\n\t\t<\/section>\n\t\t\t\t<\/div>\n\t\t","protected":false},"excerpt":{"rendered":"<p>Demander un devis gratuit Lancez votre prochain projet de b\u00e2timent. Nous voulons vous entendre Vous avez d\u00e9j\u00e0 un projet de b\u00e2timent en t\u00eate ?Remplissez le formulaire pour recevoir un devis gratuit, sans engagement. Comment pouvons-nous vous aider ? 1-866-822-4022 1405 Denison Street, Markham, ON L3R 5V2 info@norsteel.com Facebook Twitter Instagram Linkedin Youtube Pinterest<\/p>\n","protected":false},"author":6,"featured_media":0,"parent":0,"menu_order":0,"comment_status":"closed","ping_status":"closed","template":"","meta":{"_acf_changed":false,"_glsr_average":0,"_glsr_ranking":0,"_glsr_reviews":0,"footnotes":""},"class_list":["post-74228","page","type-page","status-publish","hentry"],"acf":[],"yoast_head":"<!-- This site is optimized with the Yoast SEO plugin v26.9 - https:\/\/yoast.com\/product\/yoast-seo-wordpress\/ -->\n<title>Request a Free Quote | Steel Buildings | Norsteel Buildings<\/title>\n<meta name=\"description\" content=\"Request a free quote from Norsteel for your steel building project. Quick and customized estimates to fit your requirements. Get started now.\" \/>\n<meta name=\"robots\" content=\"index, follow, max-snippet:-1, max-image-preview:large, max-video-preview:-1\" \/>\n<link rel=\"canonical\" href=\"https:\/\/norsteelbuildings.com\/fr\/demander-un-devis-gratuit\/\" \/>\n<meta property=\"og:locale\" content=\"fr_FR\" \/>\n<meta property=\"og:type\" content=\"article\" \/>\n<meta property=\"og:title\" content=\"Request a Free Quote | Steel Buildings | Norsteel Buildings\" \/>\n<meta property=\"og:description\" content=\"Request a free quote from Norsteel for your steel building project. Quick and customized estimates to fit your requirements. Get started now.\" \/>\n<meta property=\"og:url\" content=\"https:\/\/norsteelbuildings.com\/fr\/demander-un-devis-gratuit\/\" \/>\n<meta property=\"og:site_name\" content=\"norsteelbuildings\" \/>\n<meta property=\"article:modified_time\" content=\"2026-04-16T14:07:03+00:00\" \/>\n<meta property=\"og:image\" content=\"https:\/\/norsteelbuildings.com\/wp-content\/uploads\/2023\/11\/map.webp\" \/>\n\t<meta property=\"og:image:width\" content=\"682\" \/>\n\t<meta property=\"og:image:height\" content=\"558\" \/>\n\t<meta property=\"og:image:type\" content=\"image\/webp\" \/>\n<meta name=\"twitter:card\" content=\"summary_large_image\" \/>\n<meta name=\"twitter:label1\" content=\"Dur\u00e9e de lecture estim\u00e9e\" \/>\n\t<meta name=\"twitter:data1\" content=\"1 minute\" \/>\n<script type=\"application\/ld+json\" class=\"yoast-schema-graph\">{\"@context\":\"https:\/\/schema.org\",\"@graph\":[{\"@type\":\"WebPage\",\"@id\":\"https:\/\/norsteelbuildings.com\/fr\/demander-un-devis-gratuit\/\",\"url\":\"https:\/\/norsteelbuildings.com\/fr\/demander-un-devis-gratuit\/\",\"name\":\"Request a Free Quote | Steel Buildings | Norsteel Buildings\",\"isPartOf\":{\"@id\":\"https:\/\/norsteelbuildings.com\/fr\/#website\"},\"primaryImageOfPage\":{\"@id\":\"https:\/\/norsteelbuildings.com\/fr\/demander-un-devis-gratuit\/#primaryimage\"},\"image\":{\"@id\":\"https:\/\/norsteelbuildings.com\/fr\/demander-un-devis-gratuit\/#primaryimage\"},\"thumbnailUrl\":\"https:\/\/norsteelbuildings.com\/wp-content\/uploads\/2023\/11\/map.webp\",\"datePublished\":\"2025-12-19T15:30:23+00:00\",\"dateModified\":\"2026-04-16T14:07:03+00:00\",\"description\":\"Request a free quote from Norsteel for your steel building project. Quick and customized estimates to fit your requirements. Get started now.\",\"breadcrumb\":{\"@id\":\"https:\/\/norsteelbuildings.com\/fr\/demander-un-devis-gratuit\/#breadcrumb\"},\"inLanguage\":\"fr-FR\",\"potentialAction\":[{\"@type\":\"ReadAction\",\"target\":[\"https:\/\/norsteelbuildings.com\/fr\/demander-un-devis-gratuit\/\"]}]},{\"@type\":\"ImageObject\",\"inLanguage\":\"fr-FR\",\"@id\":\"https:\/\/norsteelbuildings.com\/fr\/demander-un-devis-gratuit\/#primaryimage\",\"url\":\"https:\/\/norsteelbuildings.com\/wp-content\/uploads\/2023\/11\/map.webp\",\"contentUrl\":\"https:\/\/norsteelbuildings.com\/wp-content\/uploads\/2023\/11\/map.webp\"},{\"@type\":\"BreadcrumbList\",\"@id\":\"https:\/\/norsteelbuildings.com\/fr\/demander-un-devis-gratuit\/#breadcrumb\",\"itemListElement\":[{\"@type\":\"ListItem\",\"position\":1,\"name\":\"Home\",\"item\":\"https:\/\/norsteelbuildings.com\/fr\/\"},{\"@type\":\"ListItem\",\"position\":2,\"name\":\"Demander un devis\"}]},{\"@type\":\"WebSite\",\"@id\":\"https:\/\/norsteelbuildings.com\/fr\/#website\",\"url\":\"https:\/\/norsteelbuildings.com\/fr\/\",\"name\":\"norsteelbuildings\",\"description\":\"\",\"publisher\":{\"@id\":\"https:\/\/norsteelbuildings.com\/fr\/#organization\"},\"potentialAction\":[{\"@type\":\"SearchAction\",\"target\":{\"@type\":\"EntryPoint\",\"urlTemplate\":\"https:\/\/norsteelbuildings.com\/fr\/?s={search_term_string}\"},\"query-input\":{\"@type\":\"PropertyValueSpecification\",\"valueRequired\":true,\"valueName\":\"search_term_string\"}}],\"inLanguage\":\"fr-FR\"},{\"@type\":\"Organization\",\"@id\":\"https:\/\/norsteelbuildings.com\/fr\/#organization\",\"name\":\"Norsteel Buildings\",\"url\":\"https:\/\/norsteelbuildings.com\/fr\/\",\"logo\":{\"@type\":\"ImageObject\",\"inLanguage\":\"fr-FR\",\"@id\":\"https:\/\/norsteelbuildings.com\/fr\/#\/schema\/logo\/image\/\",\"url\":\"https:\/\/norsteelbuildings.com\/wp-content\/uploads\/2025\/04\/norsteel-logo.webp\",\"contentUrl\":\"https:\/\/norsteelbuildings.com\/wp-content\/uploads\/2025\/04\/norsteel-logo.webp\",\"width\":182,\"height\":36,\"caption\":\"Norsteel Buildings\"},\"image\":{\"@id\":\"https:\/\/norsteelbuildings.com\/fr\/#\/schema\/logo\/image\/\"}}]}<\/script>\n<!-- \/ Yoast SEO plugin. -->","yoast_head_json":{"title":"Request a Free Quote | Steel Buildings | Norsteel Buildings","description":"Request a free quote from Norsteel for your steel building project. Quick and customized estimates to fit your requirements. Get started now.","robots":{"index":"index","follow":"follow","max-snippet":"max-snippet:-1","max-image-preview":"max-image-preview:large","max-video-preview":"max-video-preview:-1"},"canonical":"https:\/\/norsteelbuildings.com\/fr\/demander-un-devis-gratuit\/","og_locale":"fr_FR","og_type":"article","og_title":"Request a Free Quote | Steel Buildings | Norsteel Buildings","og_description":"Request a free quote from Norsteel for your steel building project. Quick and customized estimates to fit your requirements. Get started now.","og_url":"https:\/\/norsteelbuildings.com\/fr\/demander-un-devis-gratuit\/","og_site_name":"norsteelbuildings","article_modified_time":"2026-04-16T14:07:03+00:00","og_image":[{"width":682,"height":558,"url":"https:\/\/norsteelbuildings.com\/wp-content\/uploads\/2023\/11\/map.webp","type":"image\/webp"}],"twitter_card":"summary_large_image","twitter_misc":{"Dur\u00e9e de lecture estim\u00e9e":"1 minute"},"schema":{"@context":"https:\/\/schema.org","@graph":[{"@type":"WebPage","@id":"https:\/\/norsteelbuildings.com\/fr\/demander-un-devis-gratuit\/","url":"https:\/\/norsteelbuildings.com\/fr\/demander-un-devis-gratuit\/","name":"Request a Free Quote | Steel Buildings | Norsteel Buildings","isPartOf":{"@id":"https:\/\/norsteelbuildings.com\/fr\/#website"},"primaryImageOfPage":{"@id":"https:\/\/norsteelbuildings.com\/fr\/demander-un-devis-gratuit\/#primaryimage"},"image":{"@id":"https:\/\/norsteelbuildings.com\/fr\/demander-un-devis-gratuit\/#primaryimage"},"thumbnailUrl":"https:\/\/norsteelbuildings.com\/wp-content\/uploads\/2023\/11\/map.webp","datePublished":"2025-12-19T15:30:23+00:00","dateModified":"2026-04-16T14:07:03+00:00","description":"Request a free quote from Norsteel for your steel building project. Quick and customized estimates to fit your requirements. Get started now.","breadcrumb":{"@id":"https:\/\/norsteelbuildings.com\/fr\/demander-un-devis-gratuit\/#breadcrumb"},"inLanguage":"fr-FR","potentialAction":[{"@type":"ReadAction","target":["https:\/\/norsteelbuildings.com\/fr\/demander-un-devis-gratuit\/"]}]},{"@type":"ImageObject","inLanguage":"fr-FR","@id":"https:\/\/norsteelbuildings.com\/fr\/demander-un-devis-gratuit\/#primaryimage","url":"https:\/\/norsteelbuildings.com\/wp-content\/uploads\/2023\/11\/map.webp","contentUrl":"https:\/\/norsteelbuildings.com\/wp-content\/uploads\/2023\/11\/map.webp"},{"@type":"BreadcrumbList","@id":"https:\/\/norsteelbuildings.com\/fr\/demander-un-devis-gratuit\/#breadcrumb","itemListElement":[{"@type":"ListItem","position":1,"name":"Home","item":"https:\/\/norsteelbuildings.com\/fr\/"},{"@type":"ListItem","position":2,"name":"Demander un devis"}]},{"@type":"WebSite","@id":"https:\/\/norsteelbuildings.com\/fr\/#website","url":"https:\/\/norsteelbuildings.com\/fr\/","name":"norsteelbuildings","description":"","publisher":{"@id":"https:\/\/norsteelbuildings.com\/fr\/#organization"},"potentialAction":[{"@type":"SearchAction","target":{"@type":"EntryPoint","urlTemplate":"https:\/\/norsteelbuildings.com\/fr\/?s={search_term_string}"},"query-input":{"@type":"PropertyValueSpecification","valueRequired":true,"valueName":"search_term_string"}}],"inLanguage":"fr-FR"},{"@type":"Organization","@id":"https:\/\/norsteelbuildings.com\/fr\/#organization","name":"Norsteel Buildings","url":"https:\/\/norsteelbuildings.com\/fr\/","logo":{"@type":"ImageObject","inLanguage":"fr-FR","@id":"https:\/\/norsteelbuildings.com\/fr\/#\/schema\/logo\/image\/","url":"https:\/\/norsteelbuildings.com\/wp-content\/uploads\/2025\/04\/norsteel-logo.webp","contentUrl":"https:\/\/norsteelbuildings.com\/wp-content\/uploads\/2025\/04\/norsteel-logo.webp","width":182,"height":36,"caption":"Norsteel Buildings"},"image":{"@id":"https:\/\/norsteelbuildings.com\/fr\/#\/schema\/logo\/image\/"}}]}},"_links":{"self":[{"href":"https:\/\/norsteelbuildings.com\/fr\/wp-json\/wp\/v2\/pages\/74228","targetHints":{"allow":["GET"]}}],"collection":[{"href":"https:\/\/norsteelbuildings.com\/fr\/wp-json\/wp\/v2\/pages"}],"about":[{"href":"https:\/\/norsteelbuildings.com\/fr\/wp-json\/wp\/v2\/types\/page"}],"author":[{"embeddable":true,"href":"https:\/\/norsteelbuildings.com\/fr\/wp-json\/wp\/v2\/users\/6"}],"replies":[{"embeddable":true,"href":"https:\/\/norsteelbuildings.com\/fr\/wp-json\/wp\/v2\/comments?post=74228"}],"version-history":[{"count":14,"href":"https:\/\/norsteelbuildings.com\/fr\/wp-json\/wp\/v2\/pages\/74228\/revisions"}],"predecessor-version":[{"id":78293,"href":"https:\/\/norsteelbuildings.com\/fr\/wp-json\/wp\/v2\/pages\/74228\/revisions\/78293"}],"wp:attachment":[{"href":"https:\/\/norsteelbuildings.com\/fr\/wp-json\/wp\/v2\/media?parent=74228"}],"curies":[{"name":"wp","href":"https:\/\/api.w.org\/{rel}","templated":true}]}}