{"id":49529,"date":"2025-02-12T20:16:36","date_gmt":"2025-02-12T20:16:36","guid":{"rendered":"https:\/\/norsteelbuildings.com\/?page_id=49529"},"modified":"2025-10-11T14:17:14","modified_gmt":"2025-10-11T14:17:14","slug":"conformite-au-classement-coupe-feu","status":"publish","type":"page","link":"https:\/\/norsteelbuildings.com\/fr\/conformite-au-classement-coupe-feu\/","title":{"rendered":"Conformit\u00e9 au Classement Coupe-Feu"},"content":{"rendered":"\t\t<div data-elementor-type=\"wp-page\" data-elementor-id=\"49529\" class=\"elementor elementor-49529 elementor-26975\" data-elementor-post-type=\"page\">\n\t\t\t\t<div class=\"elementor-element elementor-element-61cda3e e-flex e-con-boxed e-con e-parent\" data-id=\"61cda3e\" data-element_type=\"container\" data-e-type=\"container\" data-settings=\"{&quot;background_background&quot;:&quot;slideshow&quot;,&quot;background_slideshow_gallery&quot;:[{&quot;id&quot;:18368,&quot;url&quot;:&quot;https:\\\/\\\/norsteelbuildings.com\\\/wp-content\\\/uploads\\\/2024\\\/12\\\/rockwool.jpg&quot;}],&quot;background_slideshow_loop&quot;:&quot;yes&quot;,&quot;background_slideshow_slide_duration&quot;:5000,&quot;background_slideshow_slide_transition&quot;:&quot;fade&quot;,&quot;background_slideshow_transition_duration&quot;:500}\">\n\t\t\t\t\t<div class=\"e-con-inner\">\n\t\t<div class=\"elementor-element elementor-element-5ccfa42 e-con-full e-flex e-con e-child\" data-id=\"5ccfa42\" data-element_type=\"container\" data-e-type=\"container\">\n\t\t<div class=\"elementor-element elementor-element-ae03272 e-con-full e-flex e-con e-child\" data-id=\"ae03272\" data-element_type=\"container\" data-e-type=\"container\">\n\t\t\t\t<div class=\"elementor-element elementor-element-d01ec64 elementor-widget__width-initial elementor-widget elementor-widget-elementskit-heading\" data-id=\"d01ec64\" data-element_type=\"widget\" data-e-type=\"widget\" data-widget_type=\"elementskit-heading.default\">\n\t\t\t\t<div class=\"elementor-widget-container\">\n\t\t\t\t\t<div class=\"ekit-wid-con\" ><div class=\"ekit-heading elementskit-section-title-wraper text_left   ekit_heading_tablet-   ekit_heading_mobile-\"><h1 class=\"ekit-heading--title elementskit-section-title \">Conformit\u00e9 au Classement Coupe-Feu<\/h1><div class=\"ekit_heading_separetor_wraper ekit_heading_elementskit-border-divider ekit-dotted\"><div class=\"elementskit-border-divider ekit-dotted\"><\/div><\/div><\/div><\/div>\t\t\t\t<\/div>\n\t\t\t\t<\/div>\n\t\t\t\t<div class=\"elementor-element elementor-element-27cc52b elementor-widget__width-initial elementor-widget elementor-widget-text-editor\" data-id=\"27cc52b\" data-element_type=\"widget\" data-e-type=\"widget\" data-widget_type=\"text-editor.default\">\n\t\t\t\t<div class=\"elementor-widget-container\">\n\t\t\t\t\t\t\t\t\t<p style=\"font-family: 'Inter', Helvetica, Arial, sans-serif; font-size: 19px; font-weight: 400; letter-spacing: 0.02em; line-height: 1.6;\">\u00c9quipez votre projet avec les bons mat\u00e9riaux pour une meilleure protection contre les incendies.<\/p>\t\t\t\t\t\t\t\t<\/div>\n\t\t\t\t<\/div>\n\t\t\t\t<\/div>\n\t\t\t\t<\/div>\n\t\t\t\t\t<\/div>\n\t\t\t\t<\/div>\n\t\t<div class=\"elementor-element elementor-element-f5cb03d e-flex e-con-boxed e-con e-parent\" data-id=\"f5cb03d\" data-element_type=\"container\" data-e-type=\"container\" data-settings=\"{&quot;background_background&quot;:&quot;gradient&quot;}\">\n\t\t\t\t\t<div class=\"e-con-inner\">\n\t\t<div class=\"elementor-element elementor-element-064c1d7 e-con-full e-flex e-con e-child\" data-id=\"064c1d7\" data-element_type=\"container\" data-e-type=\"container\">\n\t\t\t\t<div class=\"elementor-element elementor-element-7700670 elementor-widget elementor-widget-heading\" data-id=\"7700670\" data-element_type=\"widget\" data-e-type=\"widget\" data-widget_type=\"heading.default\">\n\t\t\t\t<div class=\"elementor-widget-container\">\n\t\t\t\t\t<h2 class=\"elementor-heading-title elementor-size-default\"><font face=\"Inter, Helvetica, sans-serif\">Ressources pour la protection contre les incendies<\/font><\/h2>\t\t\t\t<\/div>\n\t\t\t\t<\/div>\n\t\t\t\t<div class=\"elementor-element elementor-element-159caec animated-slow elementor-widget elementor-widget-text-editor\" data-id=\"159caec\" data-element_type=\"widget\" data-e-type=\"widget\" data-settings=\"{&quot;_animation&quot;:&quot;none&quot;,&quot;_animation_delay&quot;:200}\" data-widget_type=\"text-editor.default\">\n\t\t\t\t<div class=\"elementor-widget-container\">\n\t\t\t\t\t\t\t\t\t<p><span style=\"font-family: Inter, Helvetica, Arial, sans-serif; font-size: 17px; letter-spacing: 0.02em; line-height: 1.7em; background-color: transparent; color: #000000;\">T\u00e9l\u00e9chargez la ressource sur le syst\u00e8me de murs en acier r\u00e9sistant au feu pour les classifications 1 heure (ULC W605) et 2 heures (ULC W606) afin d\u2019assurer la conformit\u00e9 et d\u2019optimiser la s\u00e9curit\u00e9 incendie de votre projet. Lisez plus dans le blog : <span style=\"text-decoration: underline;\"><a style=\"color: #000000; text-decoration: underline;\" href=\"https:\/\/norsteelbuildings.com\/fr\/isolation-des-batiments-en-acier\/un-apercu-de-lisolation-des-batiments-metalliques\/\">Une analyse approfondie de l\u2019isolation des b\u00e2timents en acier<\/a><\/span>.<br \/><\/span><\/p>\t\t\t\t\t\t\t\t<\/div>\n\t\t\t\t<\/div>\n\t\t\t\t<\/div>\n\t\t\t\t\t<\/div>\n\t\t\t\t<\/div>\n\t\t<div class=\"elementor-element elementor-element-0c2bba3 elementor-hidden-tablet elementor-hidden-mobile e-flex e-con-boxed e-con e-parent\" data-id=\"0c2bba3\" data-element_type=\"container\" data-e-type=\"container\">\n\t\t\t\t\t<div class=\"e-con-inner\">\n\t\t<div class=\"elementor-element elementor-element-70208de e-con-full e-flex e-con e-child\" data-id=\"70208de\" data-element_type=\"container\" data-e-type=\"container\">\n\t\t\t\t<div class=\"elementor-element elementor-element-80ff3ff elementor-widget elementor-widget-heading\" data-id=\"80ff3ff\" data-element_type=\"widget\" data-e-type=\"widget\" data-widget_type=\"heading.default\">\n\t\t\t\t<div class=\"elementor-widget-container\">\n\t\t\t\t\t<h2 class=\"elementor-heading-title elementor-size-default\">Conformit\u00e9 au Classement Coupe-Feu<\/h2>\t\t\t\t<\/div>\n\t\t\t\t<\/div>\n\t\t\t\t<\/div>\n\t\t<div class=\"elementor-element elementor-element-0b27d7f e-con-full e-flex e-con e-child\" data-id=\"0b27d7f\" data-element_type=\"container\" data-e-type=\"container\">\n\t\t\t\t<\/div>\n\t\t<div class=\"elementor-element elementor-element-19b1339 e-con-full e-flex e-con e-child\" data-id=\"19b1339\" data-element_type=\"container\" data-e-type=\"container\">\n\t\t\t\t<\/div>\n\t\t\t\t\t<\/div>\n\t\t\t\t<\/div>\n\t\t<div class=\"elementor-element elementor-element-857960e e-flex e-con-boxed e-con e-parent\" data-id=\"857960e\" data-element_type=\"container\" data-e-type=\"container\">\n\t\t\t\t\t<div class=\"e-con-inner\">\n\t\t\t\t<div class=\"elementor-element elementor-element-c272bc4 elementor-hidden-desktop elementor-widget elementor-widget-heading\" data-id=\"c272bc4\" data-element_type=\"widget\" data-e-type=\"widget\" data-widget_type=\"heading.default\">\n\t\t\t\t<div class=\"elementor-widget-container\">\n\t\t\t\t\t<h2 class=\"elementor-heading-title elementor-size-default\">Conformit\u00e9 au Classement Coupe-Feu<\/h2>\t\t\t\t<\/div>\n\t\t\t\t<\/div>\n\t\t\t\t\t<\/div>\n\t\t\t\t<\/div>\n\t\t<div class=\"elementor-element elementor-element-c45ae69 e-flex e-con-boxed e-con e-parent\" data-id=\"c45ae69\" data-element_type=\"container\" data-e-type=\"container\">\n\t\t\t\t\t<div class=\"e-con-inner\">\n\t\t<div class=\"elementor-element elementor-element-2a758b4 e-con-full e-flex e-con e-child\" data-id=\"2a758b4\" data-element_type=\"container\" data-e-type=\"container\">\n\t\t\t\t<div class=\"elementor-element elementor-element-84f86cd eael-flipbox-content-align-center elementor-widget elementor-widget-eael-flip-box\" data-id=\"84f86cd\" data-element_type=\"widget\" data-e-type=\"widget\" data-widget_type=\"eael-flip-box.default\">\n\t\t\t\t<div class=\"elementor-widget-container\">\n\t\t\t\t\t        <div class=\"eael-elements-flip-box-container eael-animate-flip eael-animate-fade-in eael-content eael-flip-box-hover eael-flipbox-fixed-height eael-flipbox-dynamic\">\n\n            <a class=\"eael-elements-flip-box-flip-card\" href=\"https:\/\/norsteelbuildings.com\/wp-content\/uploads\/2024\/12\/ContractorGuide.pdf\" target=\"_blank\">\n                <div class=\"eael-elements-flip-box-front-container\">\n                    \n                    \n                        <div class=\"eael-elements-slider-display-table\">\n                            <div class=\"eael-elements-flip-box-vertical-align\">\n                                <div class=\"eael-elements-flip-box-padding\">\n                                    <div class=\"eael-elements-flip-box-icon-image\">\n                                                                                                                                                                        <\/div>\n                                                                        <div class=\"eael-elements-flip-box-content\">\n\t                                                                        <\/div>\n                                <\/div>\n                            <\/div>\n                        <\/div>\n                                    <\/div>\n\n                <div class=\"eael-elements-flip-box-rear-container\">\n                                                                <div class=\"eael-elements-slider-display-table\">\n                            <div class=\"eael-elements-flip-box-vertical-align\">\n                                <div class=\"eael-elements-flip-box-padding\">\n                                                                            <div class=\"eael-elements-flip-box-icon-image\">\n                                            <svg class=\"ea-flipbox-icon ekit-svg-icon icon-download\" viewBox=\"0 0 32 32\" xmlns=\"http:\/\/www.w3.org\/2000\/svg\"><path d=\"M23.766 15.434c-0.312-0.312-0.819-0.312-1.131 0l-6.634 6.634v-18.069c0-0.442-0.358-0.8-0.8-0.8s-0.8 0.358-0.8 0.8v18.069l-6.634-6.634c-0.312-0.312-0.819-0.312-1.131 0s-0.312 0.819 0 1.131l8 8c0.156 0.156 0.361 0.234 0.566 0.234s0.409-0.078 0.566-0.234l8-8c0.312-0.312 0.312-0.819-0-1.131zM28 30.4h-25.6c-1.323 0-2.4-1.077-2.4-2.4v-3.2c0-0.442 0.358-0.8 0.8-0.8s0.8 0.358 0.8 0.8v3.2c0 0.441 0.359 0.8 0.8 0.8h25.6c0.441 0 0.8-0.359 0.8-0.8v-3.2c0-0.442 0.358-0.8 0.8-0.8s0.8 0.358 0.8 0.8v3.2c0 1.323-1.077 2.4-2.4 2.4z\"><\/path><\/svg>                                                <\/div>\n                                                                                                            <h2 class=\"eael-elements-flip-box-heading\">T\u00e9l\u00e9chargez <br> Document<\/h2>\n                                                                        <div class=\"eael-elements-flip-box-content\">\n                                                                            <\/div>\n\n                                                                    <\/div>\n                            <\/div>\n                        <\/div>\n                                    <\/div>\n            <\/a>\n        <\/div>\n        \t\t\t\t<\/div>\n\t\t\t\t<\/div>\n\t\t\t\t<\/div>\n\t\t<div class=\"elementor-element elementor-element-49f6e3e e-con-full e-flex e-con e-child\" data-id=\"49f6e3e\" data-element_type=\"container\" data-e-type=\"container\">\n\t\t\t\t<\/div>\n\t\t<div class=\"elementor-element elementor-element-58b4fcf e-con-full e-flex e-con e-child\" data-id=\"58b4fcf\" data-element_type=\"container\" data-e-type=\"container\">\n\t\t\t\t<div class=\"elementor-element elementor-element-00b226b elementor-widget elementor-widget-spacer\" data-id=\"00b226b\" data-element_type=\"widget\" data-e-type=\"widget\" data-widget_type=\"spacer.default\">\n\t\t\t\t<div class=\"elementor-widget-container\">\n\t\t\t\t\t\t\t<div class=\"elementor-spacer\">\n\t\t\t<div class=\"elementor-spacer-inner\"><\/div>\n\t\t<\/div>\n\t\t\t\t\t\t<\/div>\n\t\t\t\t<\/div>\n\t\t\t\t<\/div>\n\t\t\t\t\t<\/div>\n\t\t\t\t<\/div>\n\t\t<div class=\"elementor-element elementor-element-b87aef8 e-flex e-con-boxed e-con e-parent\" data-id=\"b87aef8\" data-element_type=\"container\" data-e-type=\"container\">\n\t\t\t\t\t<div class=\"e-con-inner\">\n\t\t\t\t<div class=\"elementor-element elementor-element-af9be2d elementor-widget elementor-widget-spacer\" data-id=\"af9be2d\" data-element_type=\"widget\" data-e-type=\"widget\" data-widget_type=\"spacer.default\">\n\t\t\t\t<div class=\"elementor-widget-container\">\n\t\t\t\t\t\t\t<div class=\"elementor-spacer\">\n\t\t\t<div class=\"elementor-spacer-inner\"><\/div>\n\t\t<\/div>\n\t\t\t\t\t\t<\/div>\n\t\t\t\t<\/div>\n\t\t\t\t\t<\/div>\n\t\t\t\t<\/div>\n\t\t\t\t<\/div>\n\t\t","protected":false},"excerpt":{"rendered":"<p>Conformit\u00e9 au Classement Coupe-Feu \u00c9quipez votre projet avec les bons mat\u00e9riaux pour une meilleure protection contre les incendies. Ressources pour la protection contre les incendies T\u00e9l\u00e9chargez la ressource sur le syst\u00e8me de murs en acier r\u00e9sistant au feu pour les classifications 1 heure (ULC W605) et 2 heures (ULC W606) afin d\u2019assurer la conformit\u00e9 et [&hellip;]<\/p>\n","protected":false},"author":7,"featured_media":27312,"parent":0,"menu_order":0,"comment_status":"closed","ping_status":"closed","template":"","meta":{"_acf_changed":false,"_glsr_average":0,"_glsr_ranking":0,"_glsr_reviews":0,"footnotes":""},"class_list":["post-49529","page","type-page","status-publish","has-post-thumbnail","hentry"],"acf":[],"yoast_head":"<!-- This site is optimized with the Yoast SEO plugin v26.9 - https:\/\/yoast.com\/product\/yoast-seo-wordpress\/ -->\n<title>Conformit\u00e9 au Classement Coupe-Feu - norsteelbuildings<\/title>\n<meta name=\"description\" content=\"T\u00e9l\u00e9chargez les ressources sur les syst\u00e8mes de murs en acier r\u00e9sistant au feu pour les classifications 1 heure ULC W605 et 2 heures ULC W606.\" \/>\n<meta name=\"robots\" content=\"index, follow, max-snippet:-1, max-image-preview:large, max-video-preview:-1\" \/>\n<link rel=\"canonical\" href=\"https:\/\/norsteelbuildings.com\/fr\/conformite-au-classement-coupe-feu\/\" \/>\n<meta property=\"og:locale\" content=\"fr_FR\" \/>\n<meta property=\"og:type\" content=\"article\" \/>\n<meta property=\"og:title\" content=\"Conformit\u00e9 au Classement Coupe-Feu - norsteelbuildings\" \/>\n<meta property=\"og:description\" content=\"T\u00e9l\u00e9chargez les ressources sur les syst\u00e8mes de murs en acier r\u00e9sistant au feu pour les classifications 1 heure ULC W605 et 2 heures ULC W606.\" \/>\n<meta property=\"og:url\" content=\"https:\/\/norsteelbuildings.com\/fr\/conformite-au-classement-coupe-feu\/\" \/>\n<meta property=\"og:site_name\" content=\"norsteelbuildings\" \/>\n<meta property=\"article:modified_time\" content=\"2025-10-11T14:17:14+00:00\" \/>\n<meta property=\"og:image\" content=\"https:\/\/norsteelbuildings.com\/wp-content\/uploads\/2025\/02\/fire-rated-wall-system-cover-page.png\" \/>\n\t<meta property=\"og:image:width\" content=\"1582\" \/>\n\t<meta property=\"og:image:height\" content=\"2048\" \/>\n\t<meta property=\"og:image:type\" content=\"image\/png\" \/>\n<meta name=\"twitter:card\" content=\"summary_large_image\" \/>\n<meta name=\"twitter:label1\" content=\"Dur\u00e9e de lecture estim\u00e9e\" \/>\n\t<meta name=\"twitter:data1\" content=\"1 minute\" \/>\n<script type=\"application\/ld+json\" class=\"yoast-schema-graph\">{\"@context\":\"https:\/\/schema.org\",\"@graph\":[{\"@type\":\"WebPage\",\"@id\":\"https:\/\/norsteelbuildings.com\/fr\/conformite-au-classement-coupe-feu\/\",\"url\":\"https:\/\/norsteelbuildings.com\/fr\/conformite-au-classement-coupe-feu\/\",\"name\":\"Conformit\u00e9 au Classement Coupe-Feu - norsteelbuildings\",\"isPartOf\":{\"@id\":\"https:\/\/norsteelbuildings.com\/fr\/#website\"},\"primaryImageOfPage\":{\"@id\":\"https:\/\/norsteelbuildings.com\/fr\/conformite-au-classement-coupe-feu\/#primaryimage\"},\"image\":{\"@id\":\"https:\/\/norsteelbuildings.com\/fr\/conformite-au-classement-coupe-feu\/#primaryimage\"},\"thumbnailUrl\":\"https:\/\/norsteelbuildings.com\/wp-content\/uploads\/2025\/02\/fire-rated-wall-system-cover-page.png\",\"datePublished\":\"2025-02-12T20:16:36+00:00\",\"dateModified\":\"2025-10-11T14:17:14+00:00\",\"description\":\"T\u00e9l\u00e9chargez les ressources sur les syst\u00e8mes de murs en acier r\u00e9sistant au feu pour les classifications 1 heure ULC W605 et 2 heures ULC W606.\",\"breadcrumb\":{\"@id\":\"https:\/\/norsteelbuildings.com\/fr\/conformite-au-classement-coupe-feu\/#breadcrumb\"},\"inLanguage\":\"fr-FR\",\"potentialAction\":[{\"@type\":\"ReadAction\",\"target\":[\"https:\/\/norsteelbuildings.com\/fr\/conformite-au-classement-coupe-feu\/\"]}]},{\"@type\":\"ImageObject\",\"inLanguage\":\"fr-FR\",\"@id\":\"https:\/\/norsteelbuildings.com\/fr\/conformite-au-classement-coupe-feu\/#primaryimage\",\"url\":\"https:\/\/norsteelbuildings.com\/wp-content\/uploads\/2025\/02\/fire-rated-wall-system-cover-page.png\",\"contentUrl\":\"https:\/\/norsteelbuildings.com\/wp-content\/uploads\/2025\/02\/fire-rated-wall-system-cover-page.png\",\"width\":1582,\"height\":2048,\"caption\":\"Fire rated wall system manual\"},{\"@type\":\"BreadcrumbList\",\"@id\":\"https:\/\/norsteelbuildings.com\/fr\/conformite-au-classement-coupe-feu\/#breadcrumb\",\"itemListElement\":[{\"@type\":\"ListItem\",\"position\":1,\"name\":\"Home\",\"item\":\"https:\/\/norsteelbuildings.com\/fr\/\"},{\"@type\":\"ListItem\",\"position\":2,\"name\":\"Conformit\u00e9 au Classement Coupe-Feu\"}]},{\"@type\":\"WebSite\",\"@id\":\"https:\/\/norsteelbuildings.com\/fr\/#website\",\"url\":\"https:\/\/norsteelbuildings.com\/fr\/\",\"name\":\"norsteelbuildings\",\"description\":\"\",\"publisher\":{\"@id\":\"https:\/\/norsteelbuildings.com\/fr\/#organization\"},\"potentialAction\":[{\"@type\":\"SearchAction\",\"target\":{\"@type\":\"EntryPoint\",\"urlTemplate\":\"https:\/\/norsteelbuildings.com\/fr\/?s={search_term_string}\"},\"query-input\":{\"@type\":\"PropertyValueSpecification\",\"valueRequired\":true,\"valueName\":\"search_term_string\"}}],\"inLanguage\":\"fr-FR\"},{\"@type\":\"Organization\",\"@id\":\"https:\/\/norsteelbuildings.com\/fr\/#organization\",\"name\":\"Norsteel Buildings\",\"url\":\"https:\/\/norsteelbuildings.com\/fr\/\",\"logo\":{\"@type\":\"ImageObject\",\"inLanguage\":\"fr-FR\",\"@id\":\"https:\/\/norsteelbuildings.com\/fr\/#\/schema\/logo\/image\/\",\"url\":\"https:\/\/norsteelbuildings.com\/wp-content\/uploads\/2025\/04\/norsteel-logo.webp\",\"contentUrl\":\"https:\/\/norsteelbuildings.com\/wp-content\/uploads\/2025\/04\/norsteel-logo.webp\",\"width\":182,\"height\":36,\"caption\":\"Norsteel Buildings\"},\"image\":{\"@id\":\"https:\/\/norsteelbuildings.com\/fr\/#\/schema\/logo\/image\/\"}}]}<\/script>\n<!-- \/ Yoast SEO plugin. -->","yoast_head_json":{"title":"Conformit\u00e9 au Classement Coupe-Feu - norsteelbuildings","description":"T\u00e9l\u00e9chargez les ressources sur les syst\u00e8mes de murs en acier r\u00e9sistant au feu pour les classifications 1 heure ULC W605 et 2 heures ULC W606.","robots":{"index":"index","follow":"follow","max-snippet":"max-snippet:-1","max-image-preview":"max-image-preview:large","max-video-preview":"max-video-preview:-1"},"canonical":"https:\/\/norsteelbuildings.com\/fr\/conformite-au-classement-coupe-feu\/","og_locale":"fr_FR","og_type":"article","og_title":"Conformit\u00e9 au Classement Coupe-Feu - norsteelbuildings","og_description":"T\u00e9l\u00e9chargez les ressources sur les syst\u00e8mes de murs en acier r\u00e9sistant au feu pour les classifications 1 heure ULC W605 et 2 heures ULC W606.","og_url":"https:\/\/norsteelbuildings.com\/fr\/conformite-au-classement-coupe-feu\/","og_site_name":"norsteelbuildings","article_modified_time":"2025-10-11T14:17:14+00:00","og_image":[{"width":1582,"height":2048,"url":"https:\/\/norsteelbuildings.com\/wp-content\/uploads\/2025\/02\/fire-rated-wall-system-cover-page.png","type":"image\/png"}],"twitter_card":"summary_large_image","twitter_misc":{"Dur\u00e9e de lecture estim\u00e9e":"1 minute"},"schema":{"@context":"https:\/\/schema.org","@graph":[{"@type":"WebPage","@id":"https:\/\/norsteelbuildings.com\/fr\/conformite-au-classement-coupe-feu\/","url":"https:\/\/norsteelbuildings.com\/fr\/conformite-au-classement-coupe-feu\/","name":"Conformit\u00e9 au Classement Coupe-Feu - norsteelbuildings","isPartOf":{"@id":"https:\/\/norsteelbuildings.com\/fr\/#website"},"primaryImageOfPage":{"@id":"https:\/\/norsteelbuildings.com\/fr\/conformite-au-classement-coupe-feu\/#primaryimage"},"image":{"@id":"https:\/\/norsteelbuildings.com\/fr\/conformite-au-classement-coupe-feu\/#primaryimage"},"thumbnailUrl":"https:\/\/norsteelbuildings.com\/wp-content\/uploads\/2025\/02\/fire-rated-wall-system-cover-page.png","datePublished":"2025-02-12T20:16:36+00:00","dateModified":"2025-10-11T14:17:14+00:00","description":"T\u00e9l\u00e9chargez les ressources sur les syst\u00e8mes de murs en acier r\u00e9sistant au feu pour les classifications 1 heure ULC W605 et 2 heures ULC W606.","breadcrumb":{"@id":"https:\/\/norsteelbuildings.com\/fr\/conformite-au-classement-coupe-feu\/#breadcrumb"},"inLanguage":"fr-FR","potentialAction":[{"@type":"ReadAction","target":["https:\/\/norsteelbuildings.com\/fr\/conformite-au-classement-coupe-feu\/"]}]},{"@type":"ImageObject","inLanguage":"fr-FR","@id":"https:\/\/norsteelbuildings.com\/fr\/conformite-au-classement-coupe-feu\/#primaryimage","url":"https:\/\/norsteelbuildings.com\/wp-content\/uploads\/2025\/02\/fire-rated-wall-system-cover-page.png","contentUrl":"https:\/\/norsteelbuildings.com\/wp-content\/uploads\/2025\/02\/fire-rated-wall-system-cover-page.png","width":1582,"height":2048,"caption":"Fire rated wall system manual"},{"@type":"BreadcrumbList","@id":"https:\/\/norsteelbuildings.com\/fr\/conformite-au-classement-coupe-feu\/#breadcrumb","itemListElement":[{"@type":"ListItem","position":1,"name":"Home","item":"https:\/\/norsteelbuildings.com\/fr\/"},{"@type":"ListItem","position":2,"name":"Conformit\u00e9 au Classement Coupe-Feu"}]},{"@type":"WebSite","@id":"https:\/\/norsteelbuildings.com\/fr\/#website","url":"https:\/\/norsteelbuildings.com\/fr\/","name":"norsteelbuildings","description":"","publisher":{"@id":"https:\/\/norsteelbuildings.com\/fr\/#organization"},"potentialAction":[{"@type":"SearchAction","target":{"@type":"EntryPoint","urlTemplate":"https:\/\/norsteelbuildings.com\/fr\/?s={search_term_string}"},"query-input":{"@type":"PropertyValueSpecification","valueRequired":true,"valueName":"search_term_string"}}],"inLanguage":"fr-FR"},{"@type":"Organization","@id":"https:\/\/norsteelbuildings.com\/fr\/#organization","name":"Norsteel Buildings","url":"https:\/\/norsteelbuildings.com\/fr\/","logo":{"@type":"ImageObject","inLanguage":"fr-FR","@id":"https:\/\/norsteelbuildings.com\/fr\/#\/schema\/logo\/image\/","url":"https:\/\/norsteelbuildings.com\/wp-content\/uploads\/2025\/04\/norsteel-logo.webp","contentUrl":"https:\/\/norsteelbuildings.com\/wp-content\/uploads\/2025\/04\/norsteel-logo.webp","width":182,"height":36,"caption":"Norsteel Buildings"},"image":{"@id":"https:\/\/norsteelbuildings.com\/fr\/#\/schema\/logo\/image\/"}}]}},"_links":{"self":[{"href":"https:\/\/norsteelbuildings.com\/fr\/wp-json\/wp\/v2\/pages\/49529","targetHints":{"allow":["GET"]}}],"collection":[{"href":"https:\/\/norsteelbuildings.com\/fr\/wp-json\/wp\/v2\/pages"}],"about":[{"href":"https:\/\/norsteelbuildings.com\/fr\/wp-json\/wp\/v2\/types\/page"}],"author":[{"embeddable":true,"href":"https:\/\/norsteelbuildings.com\/fr\/wp-json\/wp\/v2\/users\/7"}],"replies":[{"embeddable":true,"href":"https:\/\/norsteelbuildings.com\/fr\/wp-json\/wp\/v2\/comments?post=49529"}],"version-history":[{"count":8,"href":"https:\/\/norsteelbuildings.com\/fr\/wp-json\/wp\/v2\/pages\/49529\/revisions"}],"predecessor-version":[{"id":69686,"href":"https:\/\/norsteelbuildings.com\/fr\/wp-json\/wp\/v2\/pages\/49529\/revisions\/69686"}],"wp:featuredmedia":[{"embeddable":true,"href":"https:\/\/norsteelbuildings.com\/fr\/wp-json\/wp\/v2\/media\/27312"}],"wp:attachment":[{"href":"https:\/\/norsteelbuildings.com\/fr\/wp-json\/wp\/v2\/media?parent=49529"}],"curies":[{"name":"wp","href":"https:\/\/api.w.org\/{rel}","templated":true}]}}