{"id":12491,"date":"2023-11-15T08:52:54","date_gmt":"2023-11-15T08:52:54","guid":{"rendered":"https:\/\/norsteelbuildings.com\/stage\/contactez-nous-aujourdhui\/"},"modified":"2026-04-16T14:01:42","modified_gmt":"2026-04-16T14:01:42","slug":"contactez-nous-aujourdhui","status":"publish","type":"page","link":"https:\/\/norsteelbuildings.com\/fr\/contactez-nous-aujourdhui\/","title":{"rendered":"Contactez-nous aujourd&rsquo;hui"},"content":{"rendered":"\t\t<div data-elementor-type=\"wp-page\" data-elementor-id=\"12491\" class=\"elementor elementor-12491 elementor-759\" data-elementor-post-type=\"page\">\n\t\t\t\t<div class=\"elementor-element elementor-element-fa3826c e-flex e-con-boxed e-con e-parent\" data-id=\"fa3826c\" data-element_type=\"container\" data-e-type=\"container\" data-settings=\"{&quot;background_background&quot;:&quot;slideshow&quot;,&quot;background_slideshow_gallery&quot;:[{&quot;id&quot;:50041,&quot;url&quot;:&quot;https:\\\/\\\/norsteelbuildings.com\\\/wp-content\\\/uploads\\\/2025\\\/04\\\/closeup-businessman-using-mobile-phone-1.jpg&quot;}],&quot;background_slideshow_loop&quot;:&quot;yes&quot;,&quot;background_slideshow_slide_duration&quot;:5000,&quot;background_slideshow_slide_transition&quot;:&quot;fade&quot;,&quot;background_slideshow_transition_duration&quot;:500}\">\n\t\t\t\t\t<div class=\"e-con-inner\">\n\t\t<div class=\"elementor-element elementor-element-c1cd0d3 e-con-full e-flex e-con e-child\" data-id=\"c1cd0d3\" data-element_type=\"container\" data-e-type=\"container\">\n\t\t<div class=\"elementor-element elementor-element-32870c1 e-con-full e-flex e-con e-child\" data-id=\"32870c1\" data-element_type=\"container\" data-e-type=\"container\">\n\t\t\t\t<div class=\"elementor-element elementor-element-67c8432 elementor-widget__width-initial elementor-widget elementor-widget-elementskit-heading\" data-id=\"67c8432\" data-element_type=\"widget\" data-e-type=\"widget\" data-widget_type=\"elementskit-heading.default\">\n\t\t\t\t<div class=\"elementor-widget-container\">\n\t\t\t\t\t<div class=\"ekit-wid-con\" ><div class=\"ekit-heading elementskit-section-title-wraper text_left   ekit_heading_tablet-   ekit_heading_mobile-\"><h1 class=\"ekit-heading--title elementskit-section-title \">Contactez-nous<\/h1><div class=\"ekit_heading_separetor_wraper ekit_heading_elementskit-border-divider ekit-dotted\"><div class=\"elementskit-border-divider ekit-dotted\"><\/div><\/div><\/div><\/div>\t\t\t\t<\/div>\n\t\t\t\t<\/div>\n\t\t\t\t<div class=\"elementor-element elementor-element-d5944d0 elementor-widget__width-initial elementor-widget-mobile__width-initial elementor-widget elementor-widget-text-editor\" data-id=\"d5944d0\" data-element_type=\"widget\" data-e-type=\"widget\" data-widget_type=\"text-editor.default\">\n\t\t\t\t<div class=\"elementor-widget-container\">\n\t\t\t\t\t\t\t\t\t<p style=\"font-family: 'Inter', Helvetica, Arial, sans-serif; font-size: 19px; font-weight: 400; letter-spacing: 0.02em; line-height: 1.6;\">D\u00e9marrons ensemble votre prochain projet de b\u00e2timent.<\/p>\t\t\t\t\t\t\t\t<\/div>\n\t\t\t\t<\/div>\n\t\t\t\t<\/div>\n\t\t\t\t<\/div>\n\t\t\t\t\t<\/div>\n\t\t\t\t<\/div>\n\t\t\t\t<section class=\"elementor-section elementor-top-section elementor-element elementor-element-8273c86 elementor-section-boxed elementor-section-height-default elementor-section-height-default\" data-id=\"8273c86\" data-element_type=\"section\" data-e-type=\"section\">\n\t\t\t\t\t\t\t<div class=\"elementor-background-overlay\"><\/div>\n\t\t\t\t\t\t\t<div class=\"elementor-container elementor-column-gap-default\">\n\t\t\t\t\t<div class=\"elementor-column elementor-col-50 elementor-top-column elementor-element elementor-element-6da2253 elementor-hidden-mobile\" data-id=\"6da2253\" data-element_type=\"column\" data-e-type=\"column\" data-settings=\"{&quot;background_background&quot;:&quot;classic&quot;}\">\n\t\t\t<div class=\"elementor-widget-wrap elementor-element-populated\">\n\t\t\t\t\t\t<div class=\"elementor-element elementor-element-415f3d5 elementor-widget elementor-widget-spacer\" data-id=\"415f3d5\" data-element_type=\"widget\" data-e-type=\"widget\" data-widget_type=\"spacer.default\">\n\t\t\t\t<div class=\"elementor-widget-container\">\n\t\t\t\t\t\t\t<div class=\"elementor-spacer\">\n\t\t\t<div class=\"elementor-spacer-inner\"><\/div>\n\t\t<\/div>\n\t\t\t\t\t\t<\/div>\n\t\t\t\t<\/div>\n\t\t\t\t<div class=\"elementor-element elementor-element-6083249 elementor-widget elementor-widget-heading\" data-id=\"6083249\" data-element_type=\"widget\" data-e-type=\"widget\" data-widget_type=\"heading.default\">\n\t\t\t\t<div class=\"elementor-widget-container\">\n\t\t\t\t\t<h2 class=\"elementor-heading-title elementor-size-default\">Nous voulons avoir de vos nouvelles\n<\/h2>\t\t\t\t<\/div>\n\t\t\t\t<\/div>\n\t\t\t\t<div class=\"elementor-element elementor-element-3988ac3 elementor-widget elementor-widget-text-editor\" data-id=\"3988ac3\" data-element_type=\"widget\" data-e-type=\"widget\" data-widget_type=\"text-editor.default\">\n\t\t\t\t<div class=\"elementor-widget-container\">\n\t\t\t\t\t\t\t\t\t<p>Vous avez une question sur nos b\u00e2timents ou un projet en t\u00eate ?<br \/>Remplissez le formulaire ci-dessous pour nous faire part de vos besoins. Nous vous contacterons sous peu \u2014 et c\u2019est sans aucune obligation.<\/p>\t\t\t\t\t\t\t\t<\/div>\n\t\t\t\t<\/div>\n\t\t\t\t<div class=\"elementor-element elementor-element-3c4c76c elementor-widget elementor-widget-heading\" data-id=\"3c4c76c\" data-element_type=\"widget\" data-e-type=\"widget\" data-widget_type=\"heading.default\">\n\t\t\t\t<div class=\"elementor-widget-container\">\n\t\t\t\t\t<h4 class=\"elementor-heading-title elementor-size-default\">Comment pouvons-nous vous aider ?\n\n\n<\/h4>\t\t\t\t<\/div>\n\t\t\t\t<\/div>\n\t\t\t\t<div class=\"elementor-element elementor-element-7cfca4f elementor-icon-list--layout-traditional elementor-list-item-link-full_width elementor-widget elementor-widget-icon-list\" data-id=\"7cfca4f\" data-element_type=\"widget\" data-e-type=\"widget\" data-widget_type=\"icon-list.default\">\n\t\t\t\t<div class=\"elementor-widget-container\">\n\t\t\t\t\t\t\t<ul class=\"elementor-icon-list-items\">\n\t\t\t\t\t\t\t<li class=\"elementor-icon-list-item\">\n\t\t\t\t\t\t\t\t\t\t\t<a href=\"tel:18668224022\">\n\n\t\t\t\t\t\t\t\t\t\t\t\t<span class=\"elementor-icon-list-icon\">\n\t\t\t\t\t\t\t<i aria-hidden=\"true\" class=\"fas fa-phone-alt\"><\/i>\t\t\t\t\t\t<\/span>\n\t\t\t\t\t\t\t\t\t\t<span class=\"elementor-icon-list-text\">1-866-822-4022<\/span>\n\t\t\t\t\t\t\t\t\t\t\t<\/a>\n\t\t\t\t\t\t\t\t\t<\/li>\n\t\t\t\t\t\t\t\t<li class=\"elementor-icon-list-item\">\n\t\t\t\t\t\t\t\t\t\t\t<span class=\"elementor-icon-list-icon\">\n\t\t\t\t\t\t\t<i aria-hidden=\"true\" class=\"fas fa-map-marker-alt\"><\/i>\t\t\t\t\t\t<\/span>\n\t\t\t\t\t\t\t\t\t\t<span class=\"elementor-icon-list-text\"> 1405 Denison Street, Markham, ON L3R 5V2<\/span>\n\t\t\t\t\t\t\t\t\t<\/li>\n\t\t\t\t\t\t\t\t<li class=\"elementor-icon-list-item\">\n\t\t\t\t\t\t\t\t\t\t\t<a href=\"\">\n\n\t\t\t\t\t\t\t\t\t\t\t\t<span class=\"elementor-icon-list-icon\">\n\t\t\t\t\t\t\t<i aria-hidden=\"true\" class=\"fas fa-envelope\"><\/i>\t\t\t\t\t\t<\/span>\n\t\t\t\t\t\t\t\t\t\t<span class=\"elementor-icon-list-text\">info@norsteel.com<\/span>\n\t\t\t\t\t\t\t\t\t\t\t<\/a>\n\t\t\t\t\t\t\t\t\t<\/li>\n\t\t\t\t\t\t<\/ul>\n\t\t\t\t\t\t<\/div>\n\t\t\t\t<\/div>\n\t\t\t\t<div class=\"elementor-element elementor-element-c143d70 e-grid-align-left elementor-shape-rounded elementor-grid-0 elementor-widget elementor-widget-social-icons\" data-id=\"c143d70\" data-element_type=\"widget\" data-e-type=\"widget\" data-widget_type=\"social-icons.default\">\n\t\t\t\t<div class=\"elementor-widget-container\">\n\t\t\t\t\t\t\t<div class=\"elementor-social-icons-wrapper elementor-grid\" role=\"list\">\n\t\t\t\t\t\t\t<span class=\"elementor-grid-item\" role=\"listitem\">\n\t\t\t\t\t<a class=\"elementor-icon elementor-social-icon elementor-social-icon-facebook elementor-repeater-item-a7308ad\" href=\"https:\/\/www.facebook.com\/NorsteelBuildings\" target=\"_blank\">\n\t\t\t\t\t\t<span class=\"elementor-screen-only\">Facebook<\/span>\n\t\t\t\t\t\t<i aria-hidden=\"true\" class=\"fab fa-facebook\"><\/i>\t\t\t\t\t<\/a>\n\t\t\t\t<\/span>\n\t\t\t\t\t\t\t<span class=\"elementor-grid-item\" role=\"listitem\">\n\t\t\t\t\t<a class=\"elementor-icon elementor-social-icon elementor-social-icon-twitter elementor-repeater-item-23f1626\" href=\"https:\/\/twitter.com\/norsteel\" target=\"_blank\">\n\t\t\t\t\t\t<span class=\"elementor-screen-only\">Twitter<\/span>\n\t\t\t\t\t\t<i aria-hidden=\"true\" class=\"fab fa-twitter\"><\/i>\t\t\t\t\t<\/a>\n\t\t\t\t<\/span>\n\t\t\t\t\t\t\t<span class=\"elementor-grid-item\" role=\"listitem\">\n\t\t\t\t\t<a class=\"elementor-icon elementor-social-icon elementor-social-icon-instagram elementor-repeater-item-cb3da29\" href=\"https:\/\/www.instagram.com\/norsteelbuildings\/\" target=\"_blank\">\n\t\t\t\t\t\t<span class=\"elementor-screen-only\">Instagram<\/span>\n\t\t\t\t\t\t<i aria-hidden=\"true\" class=\"fab fa-instagram\"><\/i>\t\t\t\t\t<\/a>\n\t\t\t\t<\/span>\n\t\t\t\t\t\t\t<span class=\"elementor-grid-item\" role=\"listitem\">\n\t\t\t\t\t<a class=\"elementor-icon elementor-social-icon elementor-social-icon-linkedin elementor-repeater-item-800744e\" href=\"https:\/\/www.linkedin.com\/company\/norsteelbuildings\/\" target=\"_blank\">\n\t\t\t\t\t\t<span class=\"elementor-screen-only\">Linkedin<\/span>\n\t\t\t\t\t\t<i aria-hidden=\"true\" class=\"fab fa-linkedin\"><\/i>\t\t\t\t\t<\/a>\n\t\t\t\t<\/span>\n\t\t\t\t\t\t\t<span class=\"elementor-grid-item\" role=\"listitem\">\n\t\t\t\t\t<a class=\"elementor-icon elementor-social-icon elementor-social-icon-youtube elementor-repeater-item-50197b6\" href=\"https:\/\/www.youtube.com\/channel\/UCgz7hTZ20Yt9HijDLT_EycA\" target=\"_blank\">\n\t\t\t\t\t\t<span class=\"elementor-screen-only\">Youtube<\/span>\n\t\t\t\t\t\t<i aria-hidden=\"true\" class=\"fab fa-youtube\"><\/i>\t\t\t\t\t<\/a>\n\t\t\t\t<\/span>\n\t\t\t\t\t\t\t<span class=\"elementor-grid-item\" role=\"listitem\">\n\t\t\t\t\t<a class=\"elementor-icon elementor-social-icon elementor-social-icon-pinterest elementor-repeater-item-6d0c803\" href=\"https:\/\/www.pinterest.ca\/NorsteelBuildings\/\" target=\"_blank\">\n\t\t\t\t\t\t<span class=\"elementor-screen-only\">Pinterest<\/span>\n\t\t\t\t\t\t<i aria-hidden=\"true\" class=\"fab fa-pinterest\"><\/i>\t\t\t\t\t<\/a>\n\t\t\t\t<\/span>\n\t\t\t\t\t<\/div>\n\t\t\t\t\t\t<\/div>\n\t\t\t\t<\/div>\n\t\t\t\t<div class=\"elementor-element elementor-element-440b09f elementor-widget elementor-widget-html\" data-id=\"440b09f\" data-element_type=\"widget\" data-e-type=\"widget\" data-widget_type=\"html.default\">\n\t\t\t\t<div class=\"elementor-widget-container\">\n\t\t\t\t\t<iframe src=\"https:\/\/www.google.com\/maps\/embed?pb=!1m14!1m8!1m3!1d11512.416733657094!2d-79.3164453!3d43.8329377!3m2!1i1024!2i768!4f13.1!3m3!1m2!1s0x89d4d46d9aea97b5%3A0x8930d006a4323a22!2sNorsteel%20Buildings!5e0!3m2!1sen!2sin!4v1719484874106!5m2!1sen!2sin\" width=\"600\" height=\"200\" style=\"border:0;\" allowfullscreen=\"\" loading=\"lazy\" referrerpolicy=\"no-referrer-when-downgrade\"><\/iframe>\t\t\t\t<\/div>\n\t\t\t\t<\/div>\n\t\t\t\t\t<\/div>\n\t\t<\/div>\n\t\t\t\t<div class=\"elementor-column elementor-col-50 elementor-top-column elementor-element elementor-element-4870ed9\" data-id=\"4870ed9\" data-element_type=\"column\" data-e-type=\"column\" data-settings=\"{&quot;background_background&quot;:&quot;classic&quot;}\">\n\t\t\t<div class=\"elementor-widget-wrap elementor-element-populated\">\n\t\t\t\t\t\t<div class=\"elementor-element elementor-element-b1553b7 elementor-widget elementor-widget-html\" data-id=\"b1553b7\" data-element_type=\"widget\" data-e-type=\"widget\" data-widget_type=\"html.default\">\n\t\t\t\t<div class=\"elementor-widget-container\">\n\t\t\t\t\t<script src='https:\/\/norsteelbuildings.myfreshworks.com\/crm\/sales\/web_forms\/ba92e2ae64b44062cc8a40aba263c1cb17e3695e2635252e7ca6a504547c0ee8\/form.js' crossorigin='anonymous' id='fs_ba92e2ae64b44062cc8a40aba263c1cb17e3695e2635252e7ca6a504547c0ee8'><\/script>\n <style>\n\n    .fs-webform-container .powered-by {\n\n    display: none !important;\n}\n    <\/style>\t\t\t\t<\/div>\n\t\t\t\t<\/div>\n\t\t\t\t\t<\/div>\n\t\t<\/div>\n\t\t\t\t\t<\/div>\n\t\t<\/section>\n\t\t\t\t<\/div>\n\t\t","protected":false},"excerpt":{"rendered":"<p>Contactez-nous D\u00e9marrons ensemble votre prochain projet de b\u00e2timent. Nous voulons avoir de vos nouvelles Vous avez une question sur nos b\u00e2timents ou un projet en t\u00eate ?Remplissez le formulaire ci-dessous pour nous faire part de vos besoins. Nous vous contacterons sous peu \u2014 et c\u2019est sans aucune obligation. Comment pouvons-nous vous aider ? 1-866-822-4022 1405 [&hellip;]<\/p>\n","protected":false},"author":1,"featured_media":0,"parent":0,"menu_order":0,"comment_status":"closed","ping_status":"closed","template":"","meta":{"_acf_changed":false,"_glsr_average":0,"_glsr_ranking":0,"_glsr_reviews":0,"footnotes":""},"class_list":["post-12491","page","type-page","status-publish","hentry"],"acf":[],"yoast_head":"<!-- This site is optimized with the Yoast SEO plugin v26.9 - https:\/\/yoast.com\/product\/yoast-seo-wordpress\/ -->\n<title>Contactez-nous | Norsteel - B\u00e2timents en Acier<\/title>\n<meta name=\"description\" content=\"Norsteel, principal fournisseur de b\u00e2timents en acier en Am\u00e9rique du Nord. Contactez-nous pour un devis gratuit d\u00e8s aujourd&#039;hui\" \/>\n<meta name=\"robots\" content=\"index, follow, max-snippet:-1, max-image-preview:large, max-video-preview:-1\" \/>\n<link rel=\"canonical\" href=\"https:\/\/norsteelbuildings.com\/fr\/contactez-nous-aujourdhui\/\" \/>\n<meta property=\"og:locale\" content=\"fr_FR\" \/>\n<meta property=\"og:type\" content=\"article\" \/>\n<meta property=\"og:title\" content=\"Contactez-nous | Norsteel - B\u00e2timents en Acier\" \/>\n<meta property=\"og:description\" content=\"Norsteel, principal fournisseur de b\u00e2timents en acier en Am\u00e9rique du Nord. Contactez-nous pour un devis gratuit d\u00e8s aujourd&#039;hui\" \/>\n<meta property=\"og:url\" content=\"https:\/\/norsteelbuildings.com\/fr\/contactez-nous-aujourdhui\/\" \/>\n<meta property=\"og:site_name\" content=\"norsteelbuildings\" \/>\n<meta property=\"article:modified_time\" content=\"2026-04-16T14:01:42+00:00\" \/>\n<meta name=\"twitter:card\" content=\"summary_large_image\" \/>\n<meta name=\"twitter:label1\" content=\"Dur\u00e9e de lecture estim\u00e9e\" \/>\n\t<meta name=\"twitter:data1\" content=\"1 minute\" \/>\n<script type=\"application\/ld+json\" class=\"yoast-schema-graph\">{\"@context\":\"https:\/\/schema.org\",\"@graph\":[{\"@type\":\"WebPage\",\"@id\":\"https:\/\/norsteelbuildings.com\/fr\/contactez-nous-aujourdhui\/\",\"url\":\"https:\/\/norsteelbuildings.com\/fr\/contactez-nous-aujourdhui\/\",\"name\":\"Contactez-nous | Norsteel - B\u00e2timents en Acier\",\"isPartOf\":{\"@id\":\"https:\/\/norsteelbuildings.com\/fr\/#website\"},\"datePublished\":\"2023-11-15T08:52:54+00:00\",\"dateModified\":\"2026-04-16T14:01:42+00:00\",\"description\":\"Norsteel, principal fournisseur de b\u00e2timents en acier en Am\u00e9rique du Nord. Contactez-nous pour un devis gratuit d\u00e8s aujourd'hui\",\"breadcrumb\":{\"@id\":\"https:\/\/norsteelbuildings.com\/fr\/contactez-nous-aujourdhui\/#breadcrumb\"},\"inLanguage\":\"fr-FR\",\"potentialAction\":[{\"@type\":\"ReadAction\",\"target\":[\"https:\/\/norsteelbuildings.com\/fr\/contactez-nous-aujourdhui\/\"]}]},{\"@type\":\"BreadcrumbList\",\"@id\":\"https:\/\/norsteelbuildings.com\/fr\/contactez-nous-aujourdhui\/#breadcrumb\",\"itemListElement\":[{\"@type\":\"ListItem\",\"position\":1,\"name\":\"Home\",\"item\":\"https:\/\/norsteelbuildings.com\/fr\/\"},{\"@type\":\"ListItem\",\"position\":2,\"name\":\"Contactez-nous aujourd&#8217;hui\"}]},{\"@type\":\"WebSite\",\"@id\":\"https:\/\/norsteelbuildings.com\/fr\/#website\",\"url\":\"https:\/\/norsteelbuildings.com\/fr\/\",\"name\":\"norsteelbuildings\",\"description\":\"\",\"publisher\":{\"@id\":\"https:\/\/norsteelbuildings.com\/fr\/#organization\"},\"potentialAction\":[{\"@type\":\"SearchAction\",\"target\":{\"@type\":\"EntryPoint\",\"urlTemplate\":\"https:\/\/norsteelbuildings.com\/fr\/?s={search_term_string}\"},\"query-input\":{\"@type\":\"PropertyValueSpecification\",\"valueRequired\":true,\"valueName\":\"search_term_string\"}}],\"inLanguage\":\"fr-FR\"},{\"@type\":\"Organization\",\"@id\":\"https:\/\/norsteelbuildings.com\/fr\/#organization\",\"name\":\"Norsteel Buildings\",\"url\":\"https:\/\/norsteelbuildings.com\/fr\/\",\"logo\":{\"@type\":\"ImageObject\",\"inLanguage\":\"fr-FR\",\"@id\":\"https:\/\/norsteelbuildings.com\/fr\/#\/schema\/logo\/image\/\",\"url\":\"https:\/\/norsteelbuildings.com\/wp-content\/uploads\/2025\/04\/norsteel-logo.webp\",\"contentUrl\":\"https:\/\/norsteelbuildings.com\/wp-content\/uploads\/2025\/04\/norsteel-logo.webp\",\"width\":182,\"height\":36,\"caption\":\"Norsteel Buildings\"},\"image\":{\"@id\":\"https:\/\/norsteelbuildings.com\/fr\/#\/schema\/logo\/image\/\"}}]}<\/script>\n<!-- \/ Yoast SEO plugin. -->","yoast_head_json":{"title":"Contactez-nous | Norsteel - B\u00e2timents en Acier","description":"Norsteel, principal fournisseur de b\u00e2timents en acier en Am\u00e9rique du Nord. Contactez-nous pour un devis gratuit d\u00e8s aujourd'hui","robots":{"index":"index","follow":"follow","max-snippet":"max-snippet:-1","max-image-preview":"max-image-preview:large","max-video-preview":"max-video-preview:-1"},"canonical":"https:\/\/norsteelbuildings.com\/fr\/contactez-nous-aujourdhui\/","og_locale":"fr_FR","og_type":"article","og_title":"Contactez-nous | Norsteel - B\u00e2timents en Acier","og_description":"Norsteel, principal fournisseur de b\u00e2timents en acier en Am\u00e9rique du Nord. Contactez-nous pour un devis gratuit d\u00e8s aujourd'hui","og_url":"https:\/\/norsteelbuildings.com\/fr\/contactez-nous-aujourdhui\/","og_site_name":"norsteelbuildings","article_modified_time":"2026-04-16T14:01:42+00:00","twitter_card":"summary_large_image","twitter_misc":{"Dur\u00e9e de lecture estim\u00e9e":"1 minute"},"schema":{"@context":"https:\/\/schema.org","@graph":[{"@type":"WebPage","@id":"https:\/\/norsteelbuildings.com\/fr\/contactez-nous-aujourdhui\/","url":"https:\/\/norsteelbuildings.com\/fr\/contactez-nous-aujourdhui\/","name":"Contactez-nous | Norsteel - B\u00e2timents en Acier","isPartOf":{"@id":"https:\/\/norsteelbuildings.com\/fr\/#website"},"datePublished":"2023-11-15T08:52:54+00:00","dateModified":"2026-04-16T14:01:42+00:00","description":"Norsteel, principal fournisseur de b\u00e2timents en acier en Am\u00e9rique du Nord. Contactez-nous pour un devis gratuit d\u00e8s aujourd'hui","breadcrumb":{"@id":"https:\/\/norsteelbuildings.com\/fr\/contactez-nous-aujourdhui\/#breadcrumb"},"inLanguage":"fr-FR","potentialAction":[{"@type":"ReadAction","target":["https:\/\/norsteelbuildings.com\/fr\/contactez-nous-aujourdhui\/"]}]},{"@type":"BreadcrumbList","@id":"https:\/\/norsteelbuildings.com\/fr\/contactez-nous-aujourdhui\/#breadcrumb","itemListElement":[{"@type":"ListItem","position":1,"name":"Home","item":"https:\/\/norsteelbuildings.com\/fr\/"},{"@type":"ListItem","position":2,"name":"Contactez-nous aujourd&#8217;hui"}]},{"@type":"WebSite","@id":"https:\/\/norsteelbuildings.com\/fr\/#website","url":"https:\/\/norsteelbuildings.com\/fr\/","name":"norsteelbuildings","description":"","publisher":{"@id":"https:\/\/norsteelbuildings.com\/fr\/#organization"},"potentialAction":[{"@type":"SearchAction","target":{"@type":"EntryPoint","urlTemplate":"https:\/\/norsteelbuildings.com\/fr\/?s={search_term_string}"},"query-input":{"@type":"PropertyValueSpecification","valueRequired":true,"valueName":"search_term_string"}}],"inLanguage":"fr-FR"},{"@type":"Organization","@id":"https:\/\/norsteelbuildings.com\/fr\/#organization","name":"Norsteel Buildings","url":"https:\/\/norsteelbuildings.com\/fr\/","logo":{"@type":"ImageObject","inLanguage":"fr-FR","@id":"https:\/\/norsteelbuildings.com\/fr\/#\/schema\/logo\/image\/","url":"https:\/\/norsteelbuildings.com\/wp-content\/uploads\/2025\/04\/norsteel-logo.webp","contentUrl":"https:\/\/norsteelbuildings.com\/wp-content\/uploads\/2025\/04\/norsteel-logo.webp","width":182,"height":36,"caption":"Norsteel Buildings"},"image":{"@id":"https:\/\/norsteelbuildings.com\/fr\/#\/schema\/logo\/image\/"}}]}},"_links":{"self":[{"href":"https:\/\/norsteelbuildings.com\/fr\/wp-json\/wp\/v2\/pages\/12491","targetHints":{"allow":["GET"]}}],"collection":[{"href":"https:\/\/norsteelbuildings.com\/fr\/wp-json\/wp\/v2\/pages"}],"about":[{"href":"https:\/\/norsteelbuildings.com\/fr\/wp-json\/wp\/v2\/types\/page"}],"author":[{"embeddable":true,"href":"https:\/\/norsteelbuildings.com\/fr\/wp-json\/wp\/v2\/users\/1"}],"replies":[{"embeddable":true,"href":"https:\/\/norsteelbuildings.com\/fr\/wp-json\/wp\/v2\/comments?post=12491"}],"version-history":[{"count":15,"href":"https:\/\/norsteelbuildings.com\/fr\/wp-json\/wp\/v2\/pages\/12491\/revisions"}],"predecessor-version":[{"id":78287,"href":"https:\/\/norsteelbuildings.com\/fr\/wp-json\/wp\/v2\/pages\/12491\/revisions\/78287"}],"wp:attachment":[{"href":"https:\/\/norsteelbuildings.com\/fr\/wp-json\/wp\/v2\/media?parent=12491"}],"curies":[{"name":"wp","href":"https:\/\/api.w.org\/{rel}","templated":true}]}}